{"id":974,"date":"2012-02-26T00:20:31","date_gmt":"2012-02-25T23:20:31","guid":{"rendered":"http:\/\/csillagpor.hu\/remek\/programok\/?page_id=974"},"modified":"2022-06-30T18:29:36","modified_gmt":"2022-06-30T16:29:36","slug":"auslogics-disk-defrag-screenshot","status":"publish","type":"page","link":"https:\/\/csillagpor.hu\/remek\/programok\/auslogics-disk-defrag-screenshot","title":{"rendered":"Auslogics Disk Defrag k\u00e9perny\u0151k\u00e9pek"},"content":{"rendered":"<p><a target=\"_blank\" title=\"auslogics disk defrag\" href=\"\/\/csillagpor.hu\/remek\/programok\/auslogics-disk-defrag\" rel=\"noopener noreferrer\">Auslogics Disk Defrag t\u00f6redezetts\u00e9gmentes\u00edt\u0151<\/a>. Ne telep\u00edts\u00fck az eszk\u00f6zt\u00e1rat \u00e9s ne \u00e1ll\u00edtsuk \u00e1t a keres\u0151nket!<br \/>\n<img decoding=\"async\" loading=\"lazy\" alt=\"Auslogics Disk Defrag 1\" src=\"\/\/cuccokhalomban.csillagpor.hu\/pict\/auslogics-disk-defrag-screenshot-1.jpg\" width=\"502\" height=\"388\" \/>\n<\/p>\n<p>Rendszer eg\u00e9szs\u00e9g.<br \/>\n<img decoding=\"async\" loading=\"lazy\" alt=\"Auslogics Disk Defrag 2\" src=\"\/\/cuccokhalomban.csillagpor.hu\/pict\/auslogics-disk-defrag-screenshot-2.jpg\" width=\"681\" height=\"500\" \/>\n<\/p>\n<p>T\u00f6bbf\u00e9le t\u00f6redezetts\u00e9gmentes\u00edt\u00e9s (defrag) k\u00f6z\u00fcl v\u00e1laszthatunk.<br \/>\n<img decoding=\"async\" loading=\"lazy\" alt=\"Auslogics Disk Defrag 3\" src=\"\/\/cuccokhalomban.csillagpor.hu\/pict\/auslogics-disk-defrag-screenshot-3.jpg\" width=\"680\" height=\"500\" \/>\n<\/p>\n<p>C: meghajt\u00f3 elemz\u00e9se folyamatban.<br \/>\n<img decoding=\"async\" loading=\"lazy\" alt=\"Auslogics Disk Defrag 4\" src=\"\/\/cuccokhalomban.csillagpor.hu\/pict\/auslogics-disk-defrag-screenshot-4.jpg\" width=\"680\" height=\"500\" \/>\n<\/p>\n<p>Egy f\u00e1jlt is t\u00f6redezetts\u00e9g-mentes\u00edthet\u00fcnk.<br \/>\n<img decoding=\"async\" loading=\"lazy\" alt=\"Auslogics Disk Defrag 5\" src=\"\/\/cuccokhalomban.csillagpor.hu\/pict\/auslogics-disk-defrag-screenshot-5.jpg\" width=\"679\" height=\"500\" \/>\n<\/p>\n<p>A kiv\u00e1lasztott klaszterblokk f\u00e1jljai \u00e9s \u00e1llapotuk.<br \/>\n<img decoding=\"async\" loading=\"lazy\" alt=\"Auslogics Disk Defrag 6\" src=\"\/\/cuccokhalomban.csillagpor.hu\/pict\/auslogics-disk-defrag-screenshot-6.jpg\" width=\"680\" height=\"500\" \/>\n<\/p>\n<p>Be\u00e1ll\u00edt\u00e1sok<br \/>\n<img decoding=\"async\" loading=\"lazy\" alt=\"Auslogics Disk Defrag 7\" src=\"\/\/cuccokhalomban.csillagpor.hu\/pict\/auslogics-disk-defrag-screenshot-7.jpg\" width=\"680\" height=\"500\" \/>\n<\/p>\n<p>Be\u00e1ll\u00edt\u00e1sok &#8211;  ideiglenes f\u00e1jlok t\u00f6rl\u00e9se t\u00f6redezetts\u00e9gmentes\u00edt\u00e9s el\u0151tt, rendszerf\u00e1jlok \u00e1thelyez\u00e9se.<br \/>\n<img decoding=\"async\" loading=\"lazy\" alt=\"Auslogics Disk Defrag 8\" src=\"\/\/cuccokhalomban.csillagpor.hu\/pict\/auslogics-disk-defrag-screenshot-8.jpg\" width=\"680\" height=\"500\" \/>\n<\/p>\n<p>Id\u0151z\u00edtett t\u00f6redezetts\u00e9gmentes\u00edt\u00e9s, ha t\u00e9tlen a PC.<br \/>\n<img decoding=\"async\" loading=\"lazy\" alt=\"Auslogics Disk Defrag 9\" src=\"\/\/cuccokhalomban.csillagpor.hu\/pict\/auslogics-disk-defrag-screenshot-9.jpg\" width=\"680\" height=\"500\" \/><\/p>\n","protected":false},"excerpt":{"rendered":"<p>Auslogics Disk Defrag t\u00f6redezetts\u00e9gmentes\u00edt\u0151. Ne telep\u00edts\u00fck az eszk\u00f6zt\u00e1rat \u00e9s ne \u00e1ll\u00edtsuk \u00e1t a keres\u0151nket! Rendszer eg\u00e9szs\u00e9g. T\u00f6bbf\u00e9le t\u00f6redezetts\u00e9gmentes\u00edt\u00e9s (defrag) k\u00f6z\u00fcl v\u00e1laszthatunk. C: meghajt\u00f3&#46;&#46;&#46;<\/p>\n","protected":false},"author":1,"featured_media":0,"parent":0,"menu_order":0,"comment_status":"closed","ping_status":"closed","template":"","meta":{"footnotes":""},"_links":{"self":[{"href":"https:\/\/csillagpor.hu\/remek\/programok\/wp-json\/wp\/v2\/pages\/974"}],"collection":[{"href":"https:\/\/csillagpor.hu\/remek\/programok\/wp-json\/wp\/v2\/pages"}],"about":[{"href":"https:\/\/csillagpor.hu\/remek\/programok\/wp-json\/wp\/v2\/types\/page"}],"author":[{"embeddable":true,"href":"https:\/\/csillagpor.hu\/remek\/programok\/wp-json\/wp\/v2\/users\/1"}],"replies":[{"embeddable":true,"href":"https:\/\/csillagpor.hu\/remek\/programok\/wp-json\/wp\/v2\/comments?post=974"}],"version-history":[{"count":0,"href":"https:\/\/csillagpor.hu\/remek\/programok\/wp-json\/wp\/v2\/pages\/974\/revisions"}],"wp:attachment":[{"href":"https:\/\/csillagpor.hu\/remek\/programok\/wp-json\/wp\/v2\/media?parent=974"}],"curies":[{"name":"wp","href":"https:\/\/api.w.org\/{rel}","templated":true}]}}