{"id":982,"date":"2012-02-27T22:42:53","date_gmt":"2012-02-27T21:42:53","guid":{"rendered":"http:\/\/csillagpor.hu\/remek\/programok\/?page_id=982"},"modified":"2022-06-30T18:16:15","modified_gmt":"2022-06-30T16:16:15","slug":"irfanview-screenshot","status":"publish","type":"page","link":"https:\/\/csillagpor.hu\/remek\/programok\/irfanview-screenshot","title":{"rendered":"IrfanView k\u00e9perny\u0151k\u00e9pek"},"content":{"rendered":"<p><a target=\"_blank\" title=\"IrfanView\" href=\"\/\/csillagpor.hu\/remek\/programok\/irfanview-letoltese\" rel=\"noopener noreferrer\">IrfanView k\u00e9pn\u00e9zeget\u0151<\/a>, indul a telep\u00edt\u00e9s&#8230;<br \/>\n<img decoding=\"async\" loading=\"lazy\" alt=\"IrfanView telep\u00edt\u00e9s\" src=\"\/\/cuccokhalomban.csillagpor.hu\/pict\/irfanview-screenshot-1.jpg\" width=\"476\" height=\"459\" \/>\n<\/p>\n<p>Telep\u00edt\u00e9skor mindig elolvashatjuk a leg\u00fajabb verzi\u00f3 v\u00e1ltoz\u00e1sait, angolul.<br \/>\n<img decoding=\"async\" loading=\"lazy\" alt=\"IrfanView \u00fajdons\u00e1gok\" src=\"\/\/cuccokhalomban.csillagpor.hu\/pict\/irfanview-screenshot-2.jpg\" width=\"477\" height=\"458\" \/>\n<\/p>\n<p>K\u00e9pf\u00e1jl \u00e9s egy\u00e9b f\u00e1jlt\u00edpusok hozz\u00e1rendel\u00e9se.<br \/>\n<img decoding=\"async\" loading=\"lazy\" alt=\"IrfanView f\u00e1jlt\u00edpusok\" src=\"\/\/cuccokhalomban.csillagpor.hu\/pict\/irfanview-screenshot-3.jpg\" width=\"476\" height=\"458\" \/>\n<\/p>\n<p>A nyelvi f\u00e1jl telep\u00edt\u00e9se.<br \/>\n<img decoding=\"async\" loading=\"lazy\" alt=\"IrfanView nyelvi f\u00e1jl\" src=\"\/\/cuccokhalomban.csillagpor.hu\/pict\/irfanview-screenshot-4.jpg\" width=\"409\" height=\"282\" \/>\n<\/p>\n<p>Be\u00e1ll\u00edt\u00e1sok, nyelv v\u00e1ltoztat\u00e1s.<br \/>\n<img decoding=\"async\" loading=\"lazy\" alt=\"IrfanView nyelv\" src=\"\/\/cuccokhalomban.csillagpor.hu\/pict\/irfanview-screenshot-5.jpg\" width=\"642\" height=\"483\" \/>\n<\/p>\n<p>Magyar nyelv be\u00e1ll\u00edt\u00e1sa.<br \/>\n<img decoding=\"async\" loading=\"lazy\" alt=\"IrfanView magyar nyelv\" src=\"\/\/cuccokhalomban.csillagpor.hu\/pict\/irfanview-screenshot-6.jpg\" width=\"607\" height=\"500\" \/>\n<\/p>\n<p>Csoportos konvert\u00e1l\u00e1s, \u00e1tnevez\u00e9s, csoportos szkennel\u00e9s.<br \/>\n<img decoding=\"async\" loading=\"lazy\" alt=\"IrfanView csoportos m\u0171veletek\" src=\"\/\/cuccokhalomban.csillagpor.hu\/pict\/irfanview-screenshot-7.jpg\" width=\"641\" height=\"496\" \/>\n<\/p>\n<p>K\u00e9p be\u00e1ll\u00edt\u00e1sok, v\u00e1ltoztat\u00e1sok, effektek.<br \/>\n<img decoding=\"async\" loading=\"lazy\" alt=\"IrfanView effektek\" src=\"\/\/cuccokhalomban.csillagpor.hu\/pict\/irfanview-screenshot-8.jpg\" width=\"560\" height=\"500\" \/>\n<\/p>\n<p>Be\u00e1ll\u00edt\u00e1sok, f\u00e1jlv\u00e9gz\u0151d\u00e9sek hozz\u00e1rendel\u00e9se m\u00e1r a programban.<br \/>\n<img decoding=\"async\" loading=\"lazy\" alt=\"IrfanView kiterjeszt\u00e9sek\" src=\"\/\/cuccokhalomban.csillagpor.hu\/pict\/irfanview-screenshot-9.jpg\" width=\"577\" height=\"500\" \/>\n<\/p>\n<p>Alapban feltelep\u00edtett pluginek.<br \/>\n<img decoding=\"async\" loading=\"lazy\" alt=\"IrfanView pluginek\" src=\"\/\/cuccokhalomban.csillagpor.hu\/pict\/irfanview-screenshot-10.jpg\" width=\"560\" height=\"500\" \/><\/p>\n","protected":false},"excerpt":{"rendered":"<p>IrfanView k\u00e9pn\u00e9zeget\u0151, indul a telep\u00edt\u00e9s&#8230; Telep\u00edt\u00e9skor mindig elolvashatjuk a leg\u00fajabb verzi\u00f3 v\u00e1ltoz\u00e1sait, angolul. K\u00e9pf\u00e1jl \u00e9s egy\u00e9b f\u00e1jlt\u00edpusok hozz\u00e1rendel\u00e9se. A nyelvi f\u00e1jl telep\u00edt\u00e9se. Be\u00e1ll\u00edt\u00e1sok,&#46;&#46;&#46;<\/p>\n","protected":false},"author":1,"featured_media":0,"parent":0,"menu_order":0,"comment_status":"closed","ping_status":"closed","template":"","meta":{"footnotes":""},"_links":{"self":[{"href":"https:\/\/csillagpor.hu\/remek\/programok\/wp-json\/wp\/v2\/pages\/982"}],"collection":[{"href":"https:\/\/csillagpor.hu\/remek\/programok\/wp-json\/wp\/v2\/pages"}],"about":[{"href":"https:\/\/csillagpor.hu\/remek\/programok\/wp-json\/wp\/v2\/types\/page"}],"author":[{"embeddable":true,"href":"https:\/\/csillagpor.hu\/remek\/programok\/wp-json\/wp\/v2\/users\/1"}],"replies":[{"embeddable":true,"href":"https:\/\/csillagpor.hu\/remek\/programok\/wp-json\/wp\/v2\/comments?post=982"}],"version-history":[{"count":0,"href":"https:\/\/csillagpor.hu\/remek\/programok\/wp-json\/wp\/v2\/pages\/982\/revisions"}],"wp:attachment":[{"href":"https:\/\/csillagpor.hu\/remek\/programok\/wp-json\/wp\/v2\/media?parent=982"}],"curies":[{"name":"wp","href":"https:\/\/api.w.org\/{rel}","templated":true}]}}