{"id":983,"date":"2012-02-28T17:53:15","date_gmt":"2012-02-28T16:53:15","guid":{"rendered":"http:\/\/csillagpor.hu\/remek\/programok\/?page_id=983"},"modified":"2022-06-30T18:00:39","modified_gmt":"2022-06-30T16:00:39","slug":"scribus-screenshot","status":"publish","type":"page","link":"https:\/\/csillagpor.hu\/remek\/programok\/scribus-screenshot","title":{"rendered":"Scribus k\u00e9perny\u0151k\u00e9pek"},"content":{"rendered":"<p><a target=\"_blank\" title=\"scribus\" href=\"\/\/csillagpor.hu\/remek\/programok\/scribus-letoltese\" rel=\"noopener noreferrer\">Scribus kiadv\u00e1nyszerkeszt\u0151<\/a>. Az els\u0151 ind\u00edt\u00e1skor kider\u00fcl, van e Ghostscript a rendszeren, ha nincs fel kell telep\u00edteni.<br \/>\n<img decoding=\"async\" loading=\"lazy\" alt=\"Scribus, kell e Ghostscript\" src=\"\/\/cuccokhalomban.csillagpor.hu\/pict\/scribus-screenshot-1.jpg\" width=\"633\" height=\"500\" \/>\n<\/p>\n<p>\u00daj dokumentum k\u00e9sz\u00edt\u00e9se, dokumentum elrendez\u00e9se.<br \/>\n<img decoding=\"async\" loading=\"lazy\" alt=\"Scribus \u00faj dokumentum\" src=\"\/\/cuccokhalomban.csillagpor.hu\/pict\/scribus-screenshot-2.jpg\" width=\"757\" height=\"487\" \/>\n<\/p>\n<p>\u00daj dokumentum sablonb\u00f3l kiindulva.<br \/>\n<img decoding=\"async\" loading=\"lazy\" alt=\"Scribus sablon\" src=\"\/\/cuccokhalomban.csillagpor.hu\/pict\/scribus-screenshot-3.jpg\" width=\"758\" height=\"487\" \/>\n<\/p>\n<p>A sablon megnyit\u00e1sakor kider\u00fclhet, hogy nincs ilyen bet\u0171t\u00edpusunk, ilyenkor lecser\u00e9lhetj\u00fck egy m\u00e1sikra.<br \/>\n<img decoding=\"async\" loading=\"lazy\" alt=\"Scribus bet\u0171t\u00edpus\" src=\"\/\/cuccokhalomban.csillagpor.hu\/pict\/scribus-screenshot-4.jpg\" width=\"633\" height=\"500\" \/>\n<\/p>\n<p>Export\u00e1l\u00e1s EPS-k\u00e9nt, PDF-k\u00e9nt, ment\u00e9s k\u00e9pk\u00e9nt vagy SVG-k\u00e9nt.<br \/>\n<img decoding=\"async\" loading=\"lazy\" alt=\"Scribus export\u00e1l\u00e1s\" src=\"\/\/cuccokhalomban.csillagpor.hu\/pict\/scribus-screenshot-5.jpg\" width=\"738\" height=\"500\" \/>\n<\/p>\n<p>Keretek, alakzatok, vonalak, g\u00f6rb\u00e9k, rajzok besz\u00far\u00e1sa.<br \/>\n<img decoding=\"async\" loading=\"lazy\" alt=\"Scribus alakzatok besz\u00far\u00e1sa\" src=\"\/\/cuccokhalomban.csillagpor.hu\/pict\/scribus-screenshot-6.jpg\" width=\"736\" height=\"500\" \/>\n<\/p>\n<p>Scribus s\u00fag\u00f3 &#8230; sajnos csak angolul.<br \/>\n<img decoding=\"async\" loading=\"lazy\" alt=\"Scribus s\u00fag\u00f3\" src=\"\/\/cuccokhalomban.csillagpor.hu\/pict\/scribus-screenshot-7.jpg\" width=\"736\" height=\"500\" \/>\n<\/p>\n<p>A &#8220;jobb gombos&#8221; men\u00fc.<br \/>\n<img decoding=\"async\" loading=\"lazy\" alt=\"Scribus men\u00fc\" src=\"\/\/cuccokhalomban.csillagpor.hu\/pict\/scribus-screenshot-8.jpg\" width=\"738\" height=\"500\" \/>\n<\/p>\n<p>Sz\u00f6vegszerkeszt\u0151.<br \/>\n<img decoding=\"async\" loading=\"lazy\" alt=\"Scribus sz\u00f6vegszerkeszt\u0151\" src=\"\/\/cuccokhalomban.csillagpor.hu\/pict\/scribus-screenshot-9.jpg\" width=\"738\" height=\"500\" \/>\n<\/p>\n<p>Sz\u00ednker\u00e9k.<br \/>\n<img decoding=\"async\" loading=\"lazy\" alt=\"Scribus sz\u00ednker\u00e9k\" src=\"\/\/cuccokhalomban.csillagpor.hu\/pict\/scribus-screenshot-10.jpg\" width=\"736\" height=\"500\" \/><\/p>\n","protected":false},"excerpt":{"rendered":"<p>Scribus kiadv\u00e1nyszerkeszt\u0151. Az els\u0151 ind\u00edt\u00e1skor kider\u00fcl, van e Ghostscript a rendszeren, ha nincs fel kell telep\u00edteni. \u00daj dokumentum k\u00e9sz\u00edt\u00e9se, dokumentum elrendez\u00e9se. \u00daj dokumentum&#46;&#46;&#46;<\/p>\n","protected":false},"author":1,"featured_media":0,"parent":0,"menu_order":0,"comment_status":"closed","ping_status":"closed","template":"","meta":{"footnotes":""},"_links":{"self":[{"href":"https:\/\/csillagpor.hu\/remek\/programok\/wp-json\/wp\/v2\/pages\/983"}],"collection":[{"href":"https:\/\/csillagpor.hu\/remek\/programok\/wp-json\/wp\/v2\/pages"}],"about":[{"href":"https:\/\/csillagpor.hu\/remek\/programok\/wp-json\/wp\/v2\/types\/page"}],"author":[{"embeddable":true,"href":"https:\/\/csillagpor.hu\/remek\/programok\/wp-json\/wp\/v2\/users\/1"}],"replies":[{"embeddable":true,"href":"https:\/\/csillagpor.hu\/remek\/programok\/wp-json\/wp\/v2\/comments?post=983"}],"version-history":[{"count":0,"href":"https:\/\/csillagpor.hu\/remek\/programok\/wp-json\/wp\/v2\/pages\/983\/revisions"}],"wp:attachment":[{"href":"https:\/\/csillagpor.hu\/remek\/programok\/wp-json\/wp\/v2\/media?parent=983"}],"curies":[{"name":"wp","href":"https:\/\/api.w.org\/{rel}","templated":true}]}}