{"id":989,"date":"2012-03-05T22:25:34","date_gmt":"2012-03-05T21:25:34","guid":{"rendered":"http:\/\/csillagpor.hu\/remek\/programok\/?page_id=989"},"modified":"2022-06-30T18:19:13","modified_gmt":"2022-06-30T16:19:13","slug":"ghostscript-screenshot","status":"publish","type":"page","link":"https:\/\/csillagpor.hu\/remek\/programok\/ghostscript-screenshot","title":{"rendered":"Ghostscript k\u00e9perny\u0151k\u00e9pek"},"content":{"rendered":"<p><a target=\"_blank\" title=\"ghostscript\" href=\"\/\/csillagpor.hu\/remek\/programok\/ghostscript\" rel=\"noopener noreferrer\">Ghostscript PostScript interpreter<\/a>. Sok mindent nem lehet bemutatni r\u00f3la, ez a telep\u00edt\u00e9s&#8230;<br \/>\n<img decoding=\"async\" loading=\"lazy\" alt=\"Ghostscript\" src=\"\/\/cuccokhalomban.csillagpor.hu\/pict\/ghostscript-screenshot-1.jpg\" width=\"502\" height=\"389\" \/>\n<\/p>\n<p>K\u00e9sz a telep\u00edt\u00e9s, cidfmap l\u00e9trehoz\u00e1sa a Windows CJK TrueType fontokhoz.<br \/>\n<img decoding=\"async\" loading=\"lazy\" alt=\"Ghostscript cidfmap\" src=\"\/\/cuccokhalomban.csillagpor.hu\/pict\/ghostscript-screenshot-2.jpg\" width=\"501\" height=\"387\" \/>\n<\/p>\n<p>A Ghostscript interpreter egyetlen megjelen\u00e9se, ne f\u00e9lj\u00fcnk, nek\u00fcnk nem kell haszn\u00e1lni, majd a programok!<br \/>\n<img decoding=\"async\" loading=\"lazy\" alt=\"Ghostscript interpreter\" src=\"\/\/cuccokhalomban.csillagpor.hu\/pict\/ghostscript-screenshot-3.jpg\" width=\"672\" height=\"462\" \/><\/p>\n","protected":false},"excerpt":{"rendered":"<p>Ghostscript PostScript interpreter. Sok mindent nem lehet bemutatni r\u00f3la, ez a telep\u00edt\u00e9s&#8230; K\u00e9sz a telep\u00edt\u00e9s, cidfmap l\u00e9trehoz\u00e1sa a Windows CJK TrueType fontokhoz. A&#46;&#46;&#46;<\/p>\n","protected":false},"author":1,"featured_media":0,"parent":0,"menu_order":0,"comment_status":"closed","ping_status":"closed","template":"","meta":{"footnotes":""},"_links":{"self":[{"href":"https:\/\/csillagpor.hu\/remek\/programok\/wp-json\/wp\/v2\/pages\/989"}],"collection":[{"href":"https:\/\/csillagpor.hu\/remek\/programok\/wp-json\/wp\/v2\/pages"}],"about":[{"href":"https:\/\/csillagpor.hu\/remek\/programok\/wp-json\/wp\/v2\/types\/page"}],"author":[{"embeddable":true,"href":"https:\/\/csillagpor.hu\/remek\/programok\/wp-json\/wp\/v2\/users\/1"}],"replies":[{"embeddable":true,"href":"https:\/\/csillagpor.hu\/remek\/programok\/wp-json\/wp\/v2\/comments?post=989"}],"version-history":[{"count":0,"href":"https:\/\/csillagpor.hu\/remek\/programok\/wp-json\/wp\/v2\/pages\/989\/revisions"}],"wp:attachment":[{"href":"https:\/\/csillagpor.hu\/remek\/programok\/wp-json\/wp\/v2\/media?parent=989"}],"curies":[{"name":"wp","href":"https:\/\/api.w.org\/{rel}","templated":true}]}}