{"id":992,"date":"2012-03-10T16:39:28","date_gmt":"2012-03-10T15:39:28","guid":{"rendered":"http:\/\/csillagpor.hu\/remek\/programok\/?page_id=992"},"modified":"2022-06-30T17:43:45","modified_gmt":"2022-06-30T15:43:45","slug":"spyware-terminator-screenshot","status":"publish","type":"page","link":"https:\/\/csillagpor.hu\/remek\/programok\/spyware-terminator-screenshot","title":{"rendered":"Spyware Terminator k\u00e9perny\u0151k\u00e9pek"},"content":{"rendered":"<p><a target=\"_blank\" title=\"spyware terminator\" href=\"\/\/csillagpor.hu\/remek\/programok\/spyware-terminator-letoltese\" rel=\"noopener noreferrer\">Spyware Terminator k\u00e9mprogram irt\u00f3<\/a>. A program tulajdons\u00e1gaival szembes\u00fclhet\u00fcnk a telep\u00edt\u00e9s indul\u00e1sakor.<br \/>\n<img decoding=\"async\" loading=\"lazy\" alt=\"Spyware Terminator telep\u00edt\u00e9s\" src=\"\/\/cuccokhalomban.csillagpor.hu\/pict\/spyware-terminator-screenshot-1.jpg\" width=\"503\" height=\"389\" \/>\n<\/p>\n<p>Az OK-ra kattintsunk, ha ezt megl\u00e1tjuk, \u00e9s ha nem szeretn\u00e9nk n\u00f6velni n\u00e9mi p\u00e9nz\u00e9rt a v\u00e9delem fok\u00e1t.<br \/>\n<img decoding=\"async\" loading=\"lazy\" alt=\"Spyware Terminator OK\" src=\"\/\/cuccokhalomban.csillagpor.hu\/pict\/spyware-terminator-screenshot-2.jpg\" width=\"512\" height=\"355\" \/>\n<\/p>\n<p>A program ind\u00edt\u00f3 k\u00e9pe.<br \/>\n<img decoding=\"async\" loading=\"lazy\" alt=\"Spyware Terminator\" src=\"\/\/cuccokhalomban.csillagpor.hu\/pict\/spyware-terminator-screenshot-3.jpg\" width=\"616\" height=\"500\" \/>\n<\/p>\n<p>K\u00e1rtev\u0151 keres\u00e9si m\u00f3dozatok.<br \/>\n<img decoding=\"async\" loading=\"lazy\" alt=\"Spyware Terminator k\u00e1rtev\u0151 keres\u00e9s\" src=\"\/\/cuccokhalomban.csillagpor.hu\/pict\/spyware-terminator-screenshot-4.jpg\" width=\"615\" height=\"500\" \/>\n<\/p>\n<p>V\u00e9delmi eszk\u00f6z\u00f6k.<br \/>\n<img decoding=\"async\" loading=\"lazy\" alt=\"Spyware Terminator v\u00e9delmi eszk\u00f6z\u00f6k\" src=\"\/\/cuccokhalomban.csillagpor.hu\/pict\/spyware-terminator-screenshot-5.jpg\" width=\"615\" height=\"500\" \/>\n<\/p>\n<p>Tov\u00e1bbi v\u00e9delmi eszk\u00f6z\u00f6k \u00e9s a be\u00e1ll\u00edt\u00e1sok.<br \/>\n<img decoding=\"async\" loading=\"lazy\" alt=\"Spyware Terminator be\u00e1ll\u00edt\u00e1sok\" src=\"\/\/cuccokhalomban.csillagpor.hu\/pict\/spyware-terminator-screenshot-6.jpg\" width=\"615\" height=\"500\" \/>\n<\/p>\n<p>Egyszer\u0171 be\u00e1ll\u00edt\u00e1sok &#8211; az automatikus keres\u00e9s id\u0151z\u00edt\u00e9si be\u00e1ll\u00edt\u00e1sai.<br \/>\n<img decoding=\"async\" loading=\"lazy\" alt=\"Spyware Terminator automatikus keres\u00e9s\" src=\"\/\/cuccokhalomban.csillagpor.hu\/pict\/spyware-terminator-screenshot-7.jpg\" width=\"615\" height=\"500\" \/>\n<\/p>\n<p>B\u0151vebb be\u00e1ll\u00edt\u00e1si lehet\u0151s\u00e9gek &#8211; az antiv\u00edrus v\u00e9delem m\u00e1r csak p\u00e9nz\u00e9rt j\u00e1r.<br \/>\n<img decoding=\"async\" loading=\"lazy\" alt=\"Spyware Terminator tov\u00e1bbi be\u00e1ll\u00edt\u00e1s\" src=\"\/\/cuccokhalomban.csillagpor.hu\/pict\/spyware-terminator-screenshot-8.jpg\" width=\"616\" height=\"500\" \/>\n<\/p>\n<p>Nyelvi be\u00e1ll\u00edt\u00e1sok, adatk\u00fcld\u00e9s statisztikai c\u00e9lb\u00f3l, \u00e9rtes\u00edt\u00e9si ter\u00fclet be\u00e1ll\u00edt\u00e1sai.<br \/>\n<img decoding=\"async\" loading=\"lazy\" alt=\"Spyware Terminator nyelv\" src=\"\/\/cuccokhalomban.csillagpor.hu\/pict\/spyware-terminator-screenshot-9.jpg\" width=\"615\" height=\"500\" \/>\n<\/p>\n<p>A val\u00f3sidej\u0171 v\u00e9delem ki-be kapcsol\u00e1sa, \u00e9s be\u00e1ll\u00edt\u00e1sai.<br \/>\n<img decoding=\"async\" loading=\"lazy\" alt=\"Spyware Terminator val\u00f3sidej\u0171 v\u00e9delem\" src=\"\/\/cuccokhalomban.csillagpor.hu\/pict\/spyware-terminator-screenshot-10.jpg\" width=\"615\" height=\"500\" \/><\/p>\n","protected":false},"excerpt":{"rendered":"<p>Spyware Terminator k\u00e9mprogram irt\u00f3. A program tulajdons\u00e1gaival szembes\u00fclhet\u00fcnk a telep\u00edt\u00e9s indul\u00e1sakor. Az OK-ra kattintsunk, ha ezt megl\u00e1tjuk, \u00e9s ha nem szeretn\u00e9nk n\u00f6velni n\u00e9mi&#46;&#46;&#46;<\/p>\n","protected":false},"author":1,"featured_media":0,"parent":0,"menu_order":0,"comment_status":"closed","ping_status":"closed","template":"","meta":{"footnotes":""},"_links":{"self":[{"href":"https:\/\/csillagpor.hu\/remek\/programok\/wp-json\/wp\/v2\/pages\/992"}],"collection":[{"href":"https:\/\/csillagpor.hu\/remek\/programok\/wp-json\/wp\/v2\/pages"}],"about":[{"href":"https:\/\/csillagpor.hu\/remek\/programok\/wp-json\/wp\/v2\/types\/page"}],"author":[{"embeddable":true,"href":"https:\/\/csillagpor.hu\/remek\/programok\/wp-json\/wp\/v2\/users\/1"}],"replies":[{"embeddable":true,"href":"https:\/\/csillagpor.hu\/remek\/programok\/wp-json\/wp\/v2\/comments?post=992"}],"version-history":[{"count":0,"href":"https:\/\/csillagpor.hu\/remek\/programok\/wp-json\/wp\/v2\/pages\/992\/revisions"}],"wp:attachment":[{"href":"https:\/\/csillagpor.hu\/remek\/programok\/wp-json\/wp\/v2\/media?parent=992"}],"curies":[{"name":"wp","href":"https:\/\/api.w.org\/{rel}","templated":true}]}}