{"id":994,"date":"2012-03-13T17:24:24","date_gmt":"2012-03-13T16:24:24","guid":{"rendered":"http:\/\/csillagpor.hu\/remek\/programok\/?page_id=994"},"modified":"2022-06-30T17:59:41","modified_gmt":"2022-06-30T15:59:41","slug":"smplayer-youtube-browser-screenshot","status":"publish","type":"page","link":"https:\/\/csillagpor.hu\/remek\/programok\/smplayer-youtube-browser-screenshot","title":{"rendered":"SMPlayer YouTube browser k\u00e9perny\u0151k\u00e9pek"},"content":{"rendered":"<p><a target=\"_blank\" title=\"smplayer youtube browser\" href=\"\/\/csillagpor.hu\/remek\/programok\/smplayer-youtube-browser-video-kereso-letolto\" rel=\"noopener noreferrer\">SMPlayer YouTube browser vide\u00f3 let\u00f6lt\u0151.<\/a> Elind\u00edtjuk a YouTube browsert&#8230;<br \/>\n<img decoding=\"async\" loading=\"lazy\" alt=\"SMPlayer YouTube browser\" src=\"\/\/cuccokhalomban.csillagpor.hu\/pict\/youtube-browser-screenshot-1.jpg\" width=\"724\" height=\"478\" \/>\n<\/p>\n<p>A n\u00e9pszer\u0171, legn\u00e9zettebb \u00e9s legt\u00f6bb szavazatot kapott vide\u00f3k list\u00e1ja.<br \/>\n<img decoding=\"async\" loading=\"lazy\" alt=\"SMPlayer YouTube browser list\u00e1k\" src=\"\/\/cuccokhalomban.csillagpor.hu\/pict\/youtube-browser-screenshot-2.jpg\" width=\"386\" height=\"500\" \/>\n<\/p>\n<p>Milyen felbont\u00e1ssal szeretn\u00e9nk let\u00f6lteni.<br \/>\n<img decoding=\"async\" loading=\"lazy\" alt=\"SMPlayer YouTube browser felbont\u00e1sok\" src=\"\/\/cuccokhalomban.csillagpor.hu\/pict\/youtube-browser-screenshot-3.jpg\" width=\"513\" height=\"500\" \/>\n<\/p>\n<p>MP4 vagy FLV?<br \/>\n<img decoding=\"async\" loading=\"lazy\" alt=\"SMPlayer YouTube browser, mp4 vagy flv\" src=\"\/\/cuccokhalomban.csillagpor.hu\/pict\/youtube-browser-screenshot-4.jpg\" width=\"513\" height=\"500\" \/>\n<\/p>\n<p>Record video, itt a let\u00f6lt\u00e9st jelenti.<br \/>\n<img decoding=\"async\" loading=\"lazy\" alt=\"SMPlayer YouTube browser record video\" src=\"\/\/cuccokhalomban.csillagpor.hu\/pict\/youtube-browser-screenshot-5.jpg\" width=\"405\" height=\"500\" \/>\n<\/p>\n<p>T\u00f6lt\u0151dik az mp4 f\u00e1jl.<br \/>\n<img decoding=\"async\" loading=\"lazy\" alt=\"SMPlayer YouTube browser let\u00f6lt\u00e9s\" src=\"\/\/cuccokhalomban.csillagpor.hu\/pict\/youtube-browser-screenshot-6.jpg\" width=\"498\" height=\"500\" \/>\n<\/p>\n<p>Keres\u00e9s<br \/>\n<img decoding=\"async\" loading=\"lazy\" alt=\"SMPlayer YouTube browser keres\u00e9s\" src=\"\/\/cuccokhalomban.csillagpor.hu\/pict\/youtube-browser-screenshot-7.jpg\" width=\"387\" height=\"500\" \/><\/p>\n","protected":false},"excerpt":{"rendered":"<p>SMPlayer YouTube browser vide\u00f3 let\u00f6lt\u0151. Elind\u00edtjuk a YouTube browsert&#8230; A n\u00e9pszer\u0171, legn\u00e9zettebb \u00e9s legt\u00f6bb szavazatot kapott vide\u00f3k list\u00e1ja. Milyen felbont\u00e1ssal szeretn\u00e9nk let\u00f6lteni. MP4&#46;&#46;&#46;<\/p>\n","protected":false},"author":1,"featured_media":0,"parent":0,"menu_order":0,"comment_status":"closed","ping_status":"closed","template":"","meta":{"footnotes":""},"_links":{"self":[{"href":"https:\/\/csillagpor.hu\/remek\/programok\/wp-json\/wp\/v2\/pages\/994"}],"collection":[{"href":"https:\/\/csillagpor.hu\/remek\/programok\/wp-json\/wp\/v2\/pages"}],"about":[{"href":"https:\/\/csillagpor.hu\/remek\/programok\/wp-json\/wp\/v2\/types\/page"}],"author":[{"embeddable":true,"href":"https:\/\/csillagpor.hu\/remek\/programok\/wp-json\/wp\/v2\/users\/1"}],"replies":[{"embeddable":true,"href":"https:\/\/csillagpor.hu\/remek\/programok\/wp-json\/wp\/v2\/comments?post=994"}],"version-history":[{"count":0,"href":"https:\/\/csillagpor.hu\/remek\/programok\/wp-json\/wp\/v2\/pages\/994\/revisions"}],"wp:attachment":[{"href":"https:\/\/csillagpor.hu\/remek\/programok\/wp-json\/wp\/v2\/media?parent=994"}],"curies":[{"name":"wp","href":"https:\/\/api.w.org\/{rel}","templated":true}]}}