{"id":997,"date":"2012-03-13T23:49:26","date_gmt":"2012-03-13T22:49:26","guid":{"rendered":"http:\/\/csillagpor.hu\/remek\/programok\/?page_id=997"},"modified":"2022-06-30T18:08:49","modified_gmt":"2022-06-30T16:08:49","slug":"mydefrag-screenshot","status":"publish","type":"page","link":"https:\/\/csillagpor.hu\/remek\/programok\/mydefrag-screenshot","title":{"rendered":"MyDefrag k\u00e9perny\u0151k\u00e9pek"},"content":{"rendered":"<p><a target=\"_blank\" title=\"mydefrag\" href=\"\/\/csillagpor.hu\/remek\/programok\/mydefrag\" rel=\"noopener noreferrer\">MyDefrag t\u00f6redezetts\u00e9gmentes\u00edt\u0151 \u00e9s lemez optimaliz\u00e1l\u00f3<\/a>. Csak elemz\u00e9s szkript.<br \/>\n<img decoding=\"async\" loading=\"lazy\" alt=\"MyDefrag - Csak elemz\u00e9s\" src=\"\/\/cuccokhalomban.csillagpor.hu\/pict\/mydefrag-screenshot-1.jpg\" width=\"649\" height=\"500\" \/>\n<\/p>\n<p>Csak t\u00f6redezetts\u00e9gmentes\u00edt\u00e9s. Az egyetlen szkript ami nem a k\u00f6rbet\u00f6rdel\u00e9st haszn\u00e1lja.<br \/>\n<img decoding=\"async\" loading=\"lazy\" alt=\"MyDefrag - Csak t\u00f6redezetts\u00e9gmentes\u00edt\u00e9s\" src=\"\/\/cuccokhalomban.csillagpor.hu\/pict\/mydefrag-screenshot-2.jpg\" width=\"649\" height=\"499\" \/>\n<\/p>\n<p>Adat lemez havi optimaliz\u00e1l\u00e1s, a nem rendszerlemezek legalaposabb szkriptje.<br \/>\n<img decoding=\"async\" loading=\"lazy\" alt=\"MyDefrag - havi optimaliz\u00e1l\u00e1s\" src=\"\/\/cuccokhalomban.csillagpor.hu\/pict\/mydefrag-screenshot-3.jpg\" width=\"649\" height=\"500\" \/>\n<\/p>\n<p>Flash \u00e9s szil\u00e1rdtest lemezek optimaliz\u00e1l\u00e1sa. Ez a szkript \u00f3vatosan b\u00e1nik a meghajt\u00f3val.<br \/>\n<img decoding=\"async\" loading=\"lazy\" alt=\"MyDefrag - Flash \u00e9s szil\u00e1rdtest lemezek\" src=\"\/\/cuccokhalomban.csillagpor.hu\/pict\/mydefrag-screenshot-4.jpg\" width=\"649\" height=\"500\" \/>\n<\/p>\n<p>Gyors napi optimaliz\u00e1l\u00e1s rendszerlemezekhez.<br \/>\n<img decoding=\"async\" loading=\"lazy\" alt=\"MyDefrag - rendszerlemezek\" src=\"\/\/cuccokhalomban.csillagpor.hu\/pict\/mydefrag-screenshot-5.jpg\" width=\"650\" height=\"500\" \/>\n<\/p>\n<p>A legakkur\u00e1tusabb t\u00f6redezetts\u00e9gmentes\u00edt\u00e9s \u00e9s optimaliz\u00e1l\u00e1s, de csak rendszerlemezekhez.<br \/>\n<img decoding=\"async\" loading=\"lazy\" alt=\"MyDefrag - a legjobb\" src=\"\/\/cuccokhalomban.csillagpor.hu\/pict\/mydefrag-screenshot-6.jpg\" width=\"649\" height=\"501\" \/>\n<\/p>\n<p>Szabad ter\u00fclet egyes\u00edt\u00e9se.<br \/>\n<img decoding=\"async\" loading=\"lazy\" alt=\"MyDefrag - Szabad ter\u00fclet egyes\u00edt\u00e9se\" src=\"\/\/cuccokhalomban.csillagpor.hu\/pict\/mydefrag-screenshot-7.jpg\" width=\"649\" height=\"500\" \/>\n<\/p>\n<p>Statisztika n\u00e9zet.<br \/>\n<img decoding=\"async\" loading=\"lazy\" alt=\"MyDefrag - Statisztika n\u00e9zet\" src=\"\/\/cuccokhalomban.csillagpor.hu\/pict\/mydefrag-screenshot-8.jpg\" width=\"649\" height=\"501\" \/>\n<\/p>\n<p>Lemezt\u00e9rk\u00e9p n\u00e9zet.<br \/>\n<img decoding=\"async\" loading=\"lazy\" alt=\"MyDefrag - Lemezt\u00e9rk\u00e9p\" src=\"\/\/cuccokhalomban.csillagpor.hu\/pict\/mydefrag-screenshot-9.jpg\" width=\"600\" height=\"499\" \/><\/p>\n","protected":false},"excerpt":{"rendered":"<p>MyDefrag t\u00f6redezetts\u00e9gmentes\u00edt\u0151 \u00e9s lemez optimaliz\u00e1l\u00f3. Csak elemz\u00e9s szkript. Csak t\u00f6redezetts\u00e9gmentes\u00edt\u00e9s. Az egyetlen szkript ami nem a k\u00f6rbet\u00f6rdel\u00e9st haszn\u00e1lja. Adat lemez havi optimaliz\u00e1l\u00e1s, a&#46;&#46;&#46;<\/p>\n","protected":false},"author":1,"featured_media":0,"parent":0,"menu_order":0,"comment_status":"closed","ping_status":"closed","template":"","meta":{"footnotes":""},"_links":{"self":[{"href":"https:\/\/csillagpor.hu\/remek\/programok\/wp-json\/wp\/v2\/pages\/997"}],"collection":[{"href":"https:\/\/csillagpor.hu\/remek\/programok\/wp-json\/wp\/v2\/pages"}],"about":[{"href":"https:\/\/csillagpor.hu\/remek\/programok\/wp-json\/wp\/v2\/types\/page"}],"author":[{"embeddable":true,"href":"https:\/\/csillagpor.hu\/remek\/programok\/wp-json\/wp\/v2\/users\/1"}],"replies":[{"embeddable":true,"href":"https:\/\/csillagpor.hu\/remek\/programok\/wp-json\/wp\/v2\/comments?post=997"}],"version-history":[{"count":0,"href":"https:\/\/csillagpor.hu\/remek\/programok\/wp-json\/wp\/v2\/pages\/997\/revisions"}],"wp:attachment":[{"href":"https:\/\/csillagpor.hu\/remek\/programok\/wp-json\/wp\/v2\/media?parent=997"}],"curies":[{"name":"wp","href":"https:\/\/api.w.org\/{rel}","templated":true}]}}