{"id":578,"date":"2010-07-02T22:22:01","date_gmt":"2010-07-02T20:22:01","guid":{"rendered":"https:\/\/csillagpor.hu\/remek"},"modified":"2022-11-19T19:05:42","modified_gmt":"2022-11-19T18:05:42","slug":"dolgok","status":"publish","type":"page","link":"https:\/\/csillagpor.hu\/remek\/dolgok","title":{"rendered":"Impresszum"},"content":{"rendered":"<h4>Kapcsolat, el\u00e9rhet\u0151s\u00e9gek, <del>k\u00f6z\u00f6ss\u00e9gi m\u00e9dia<\/del>:<\/h4>\n<p>E-mailt a <strong>zsolt kukac kemeny pont berlin<\/strong> c\u00edmre lehet k\u00fcldeni, m\u00f3dj\u00e1val.<\/p>\n<h4>N\u00e9vad\u00f3:<\/h4>\n<p>A <a title=\"csillagpor.hu\" href=\"\/\/csillagpor.hu\/remek\/\">Csillagpor<\/a> n\u00e9vad\u00f3ja a <a target=\"_blank\" title=\"stardust\" href=\"https:\/\/solarsystem.nasa.gov\/missions\/stardust\/in-depth\/\" rel=\"noopener\">Stardust \u0171rszonda<\/a>, melynek legf\u0151bb k\u00fcldet\u00e9se az volt, hogy mint\u00e1t hozzon egy \u00fcst\u00f6k\u00f6s cs\u00f3v\u00e1j\u00e1b\u00f3l.<\/p>\n<h4>Jogok:<\/h4>\n<p>Az oldalon tal\u00e1lhat\u00f3 tartalom csak a Csillagpor.hu enged\u00e9ly\u00e9vel, \u00e9s az enged\u00e9lyezett m\u00f3don haszn\u00e1lhat\u00f3, mindig forr\u00e1s felt\u00fcntet\u00e9ssel!<br \/>\n<strong>A csillagpor.hu\/remek\/programok programjai kiz\u00e1r\u00f3lag ingyenes, leg\u00e1lisan haszn\u00e1lhat\u00f3 szoftverek<\/strong>, melyekkel kapcsolatos enged\u00e9lyeket<br \/>\naz egyes szoftverek fejleszt\u0151inek weboldal\u00e1n tal\u00e1lhatjuk meg.<\/p>\n<h4>\u00dczemeltet\u0151:<\/h4>\n<p>kemeny.berlin<br \/>\nNipkowstr 69<br \/>\n12489 Berlin<\/p>\n","protected":false},"excerpt":{"rendered":"<p>Kapcsolat, el\u00e9rhet\u0151s\u00e9gek, k\u00f6z\u00f6ss\u00e9gi m\u00e9dia: E-mailt a zsolt kukac kemeny pont berlin c\u00edmre lehet k\u00fcldeni, m\u00f3dj\u00e1val. N\u00e9vad\u00f3: A Csillagpor n\u00e9vad\u00f3ja a Stardust \u0171rszonda, melynek legf\u0151bb&#46;&#46;&#46;<\/p>\n","protected":false},"author":1,"featured_media":0,"parent":0,"menu_order":0,"comment_status":"closed","ping_status":"closed","template":"","meta":{"footnotes":""},"_links":{"self":[{"href":"https:\/\/csillagpor.hu\/remek\/wp-json\/wp\/v2\/pages\/578"}],"collection":[{"href":"https:\/\/csillagpor.hu\/remek\/wp-json\/wp\/v2\/pages"}],"about":[{"href":"https:\/\/csillagpor.hu\/remek\/wp-json\/wp\/v2\/types\/page"}],"author":[{"embeddable":true,"href":"https:\/\/csillagpor.hu\/remek\/wp-json\/wp\/v2\/users\/1"}],"replies":[{"embeddable":true,"href":"https:\/\/csillagpor.hu\/remek\/wp-json\/wp\/v2\/comments?post=578"}],"version-history":[{"count":0,"href":"https:\/\/csillagpor.hu\/remek\/wp-json\/wp\/v2\/pages\/578\/revisions"}],"wp:attachment":[{"href":"https:\/\/csillagpor.hu\/remek\/wp-json\/wp\/v2\/media?parent=578"}],"curies":[{"name":"wp","href":"https:\/\/api.w.org\/{rel}","templated":true}]}}