{"id":602,"date":"2010-07-03T15:12:18","date_gmt":"2010-07-03T13:12:18","guid":{"rendered":"https:\/\/csillagpor.hu\/remek"},"modified":"2022-06-04T16:35:07","modified_gmt":"2022-06-04T14:35:07","slug":"adatvedelmi-nyilatkozat","status":"publish","type":"page","link":"https:\/\/csillagpor.hu\/remek\/adatvedelmi-nyilatkozat","title":{"rendered":"Adatv\u00e9delmi Nyilatkozat"},"content":{"rendered":"<p><a target=\"_blank\" title=\"eur-lex.europa.eu\/legal-content\/HU\/TXT\/HTML\/?uri=CELEX:32016R0679&#038;from=HU\" href=\"\/\/eur-lex.europa.eu\/legal-content\/HU\/TXT\/HTML\/?uri=CELEX:32016R0679&#038;from=HU\" rel=\"noopener\">Az Eur\u00f3pai Uni\u00f3 adatv\u00e9delmi rendelete (GDPR)<\/a> \u00e9rtelm\u00e9ben a <em>Csillagpor.hu<\/em>-nak is k\u00f6z\u00f6lnie kell l\u00e1togat\u00f3ival, hogy ki, milyen adatokat, mi c\u00e9lb\u00f3l kaphat r\u00f3luk, a Csillagpor.hu haszn\u00e1lata k\u00f6zben.<\/p>\n<p>A <em>Csillagpor.hu<\/em> \u00fczemeltet\u0151je \u00fagy d\u00f6nt\u00f6tt, hogy <strong>semmilyen adatot nem gy\u0171jt l\u00e1togat\u00f3ir\u00f3l<\/strong>. Ez azt jelenti, hogy 2018.05.19-t\u0151l a hozz\u00e1sz\u00f3l\u00e1sokhoz sem sz\u00fcks\u00e9ges megadni e-mail c\u00edmet (nem lehets\u00e9ges), regisztr\u00e1lni, bejelentkezni, h\u00edrlev\u00e9lre feliratkozni, \u00e9rt\u00e9kelni eddig sem lehetett az oldalon.<br \/>\nA 2018.05.19-ig a <em>Csillagpor.hu<\/em> oldal adatb\u00e1zis\u00e1ba beker\u00fclt e-mail c\u00edmeket az oldal karbantart\u00f3ja 2018.09.01-ig t\u00f6rli.<\/p>\n<p>Harmadik f\u00e9lk\u00e9nt kiz\u00e1r\u00f3lag a <em>Google Inc.<\/em> juthat a l\u00e1togat\u00f3 adataihoz, a <em>Csillagpor.hu<\/em> k\u00f3dj\u00e1ban elhelyezett <em>Adsense<\/em> \u00e9s <em>Analytics<\/em> szolg\u00e1ltat\u00e1s k\u00f6vet\u0151k\u00f3djai kereszt\u00fcl. A <em>Csillagpor.hu<\/em> b\u00e1rminem\u0171 adatot kiz\u00e1r\u00f3lag a szolg\u00e1ltat\u00e1s min\u0151s\u00e9g\u00e9nek jav\u00edt\u00e1s\u00e1ra haszn\u00e1l, vagyis ezen adatok a <em>Csillagpor.hu<\/em> l\u00e1togat\u00f3i statisztik\u00e1it \u00e9s a szem\u00e9lyre szabott rekl\u00e1mok megjelen\u00edt\u00e9s\u00e9t hivatottak szolg\u00e1lni, melyek k\u00f6z\u00f6tt sem e-mail c\u00edmek, sem nevek nem szerepelnek, teh\u00e1t semmilyen tekintetben nem k\u00f6thet\u0151k szem\u00e9lyekhez. A k\u00f6vetkez\u0151 adatok \u00e9rkezhetnek be t\u00f6bbek k\u00f6z\u00f6tt: felhaszn\u00e1l\u00f3 IP c\u00edme, b\u00f6ng\u00e9sz\u0151je, oper\u00e1ci\u00f3s rendszere, a kijelz\u0151 m\u00e9rete, keres\u0151b\u0151l, m\u00e1s oldalr\u00f3l vagy k\u00f6zvetlen\u00fcl \u00e9rkezett e az oldalra &#8230;<\/p>\n<p><strong>Facebook \u00e9s egy\u00e9b k\u00f6z\u00f6ss\u00e9gi oldalak k\u00f6vet\u0151k\u00f3djai, alkalmaz\u00e1sai nem tal\u00e1lhat\u00f3ak a Csillagpor.hu k\u00f3dj\u00e1ban.<\/strong><\/p>\n<p>Minden b\u00f6ng\u00e9sz\u0151 be\u00e1ll\u00edt\u00e1saiban, a cookiek haszn\u00e1lata r\u00e9szben vagy teljesen letilthat\u00f3, tov\u00e1bb\u00e1 be\u00e1ll\u00edthat\u00f3 hogy a b\u00f6ng\u00e9sz\u0151 <em>&#8220;a k\u00f6vet\u00e9s letilt\u00e1sa&#8221;<\/em> k\u00e9r\u00e9st k\u00fcldj\u00f6n.<\/p>\n<p>A Google \u00e1ltal kezelt adataink itt be\u00e1ll\u00edthat\u00f3k, t\u00f6r\u00f6lhet\u0151k, let\u00f6lthet\u0151k: <a target=\"_blank\" title=\"myaccount.google.com\" href=\"\/\/myaccount.google.com\/dashboard?pli=1\" rel=\"noopener\">myaccount.google.com\/dashboard<\/a> &#8211; <a target=\"_blank\" title=\"takeout.google.com\" href=\"\/\/takeout.google.com\/settings\/takeout?pli=1\" rel=\"noopener\">takeout.google.com\/settings<\/a><\/p>\n<p>Az \u00faj adatv\u00e9delmi rendelethez sz\u00fcks\u00e9ges nyilatkozaton t\u00fal a lejjebb \u00edrottak tov\u00e1bbra is \u00e9rv\u00e9nyben maradnak.<\/p>\n<p>&rarr; &rarr; &rarr;<\/p>\n<p>Jelen adatv\u00e9delmi nyilatkozat tartalmazza a kemeny.berlin \u00fczemeltet\u0151 \u00e1ltal m\u0171k\u00f6dtetett, <a target=\"_blank\" href=\"\/\/csillagpor.hu\" rel=\"noopener\">csillagpor.hu<\/a> domainen \u00e9s aldomainen el\u00e9rhet\u0151 weboldalak \u00e9s szolg\u00e1ltat\u00e1sok keret\u00e9ben v\u00e9gzett, szem\u00e9lyes adatok kezel\u00e9s\u00e9re vonatkoz\u00f3 szab\u00e1lyokat, valamint az adatkezel\u00e9sre vonatkoz\u00f3 t\u00e1j\u00e9koztat\u00e1st.<\/p>\n<p><em>A Csillagpor.hu haszn\u00e1lat\u00e1nak megkezd\u00e9s\u00e9vel a felhaszn\u00e1l\u00f3k elfogadj\u00e1k jelen nyilatkozat felt\u00e9teleit.<\/em><br \/>\nEzen adatv\u00e9delmi nyilatkozat folyamatosan el\u00e9rhet\u0151 a Csillagpor.hu minden oldal\u00e1nak l\u00e1bl\u00e9c\u00e9ben.<\/p>\n<p><strong>Adatkezel\u0151 szem\u00e9lye<\/strong><\/p>\n<p>A Csillagpor.hu haszn\u00e1lat\u00e1val, szolg\u00e1ltat\u00e1saival \u00f6sszef\u00fcgg\u00e9sben kezelt szem\u00e9lyes adatok tekintet\u00e9ben az \u00fczemeltet\u0151 az adatkezel\u0151.<br \/>\n<em>Az \u00fczemeltet\u0151 \u00e1ltal kezelt szem\u00e9lyes adatokat kiz\u00e1r\u00f3lag az \u00fczemeltet\u0151 ismerheti meg.<\/em><\/p>\n<p><strong>Adatkezel\u00e9sre vonatkoz\u00f3 t\u00e1j\u00e9koztat\u00e1s<\/strong><\/p>\n<p>A Csillagpor.hu b\u00f6ng\u00e9sz\u00e9se \u00e9s az onnan t\u00f6rt\u00e9n\u0151 let\u00f6lt\u00e9s, regisztr\u00e1ci\u00f3 vagyis szem\u00e9lyes azonos\u00edt\u00e1sra alkalmas adatok megad\u00e1sa n\u00e9lk\u00fcl lehets\u00e9ges.<\/p>\n<p>A bejegyz\u00e9sekhez t\u00f6rt\u00e9n\u0151 hozz\u00e1sz\u00f3l\u00e1s \u00e9s k\u00e9rd\u00e9sek feltev\u00e9se semmilyen szem\u00e9lyes adat megad\u00e1s\u00e1hoz nincs k\u00f6tve.<\/p>\n<p><strong>Honlap-l\u00e1togatotts\u00e1gi adatok kezel\u00e9se<\/strong><\/p>\n<p>A szolg\u00e1ltat\u00e1s felhaszn\u00e1l\u00f3i sz\u00e1m\u00edt\u00f3g\u00e9peinek egyes adatai \u00e9s IP c\u00edmei a honlap-l\u00e1togatotts\u00e1gi adatok gener\u00e1l\u00e1sa, a szolg\u00e1ltat\u00e1s megfelel\u0151 m\u0171k\u00f6dtet\u00e9s\u00e9nek biztos\u00edt\u00e1sa c\u00e9lj\u00e1b\u00f3l napl\u00f3z\u00e1sra ker\u00fclnek. Ezek az adatok bizonyos esetekben szem\u00e9lyes adatoknak min\u0151s\u00fclnek.<br \/>\nA napl\u00f3f\u00e1jlokr\u00f3l statisztika k\u00e9sz\u00fcl \u00e9s a napl\u00f3-\u00e1llom\u00e1nyok maximum egy \u00e9vig ker\u00fclnek t\u00e1rol\u00e1sra.<br \/>\nA felhaszn\u00e1l\u00f3k IP c\u00edmeit az \u00fczemeltet\u0151 semmilyen olyan m\u00e1s adathoz nem k\u00f6ti, amely alapj\u00e1n a felhaszn\u00e1l\u00f3 szem\u00e9lye azonos\u00edthat\u00f3 lenne.<\/p>\n<p><strong id=\"cookie\">&#8220;Cookie&#8221;-k \u00e9s &#8220;web beacon&#8221;-\u00f6k elhelyez\u00e9se, c\u00e9lja<\/strong><\/p>\n<p>A szolg\u00e1ltat\u00e1s egyes r\u00e9szeinek haszn\u00e1latakor az \u00fczemeltet\u0151 kism\u00e9ret\u0171, a felhaszn\u00e1l\u00f3val k\u00f6zvetlen\u00fcl kapcsolatba nem hozhat\u00f3 adatokat is tartalmaz\u00f3 adatf\u00e1jlokat (cookie) telep\u00edt a felhaszn\u00e1l\u00f3 sz\u00e1m\u00edt\u00f3g\u00e9p\u00e9re adatfeljegyz\u00e9s, a felhaszn\u00e1l\u00f3 azonos\u00edt\u00e1sa, a felhaszn\u00e1l\u00f3 tov\u00e1bbi l\u00e1togat\u00e1sainak megk\u00f6nny\u00edt\u00e9se, a szolg\u00e1ltat\u00e1s hat\u00e9konys\u00e1g\u00e1nak n\u00f6vel\u00e9se, az adott felhaszn\u00e1l\u00f3 sz\u00e1m\u00e1ra c\u00e9lzott rekl\u00e1m vagy egy\u00e9b c\u00e9lzott tartalom eljuttat\u00e1sa vagy piackutat\u00e1s c\u00e9lj\u00e1b\u00f3l.<br \/>\n<em>Az adatf\u00e1jlok haszn\u00e1lat\u00e1nak eredm\u00e9nyek\u00e9ppen az \u00fczemeltet\u0151h\u00f6z ker\u00fclt adatokat az \u00fczemeltet\u0151 nem kapcsolja az adott felhaszn\u00e1l\u00f3 azonos\u00edt\u00f3 adataihoz.<\/em><\/p>\n<p>A felhaszn\u00e1l\u00f3nak b\u00f6ng\u00e9sz\u0151j\u00e9ben a cookiek vonatkoz\u00e1s\u00e1ban az al\u00e1bbi lehet\u0151s\u00e9gei vannak:<\/p>\n<ul>\n<li>be\u00e1ll\u00edthatja, hogy \u00e9rtes\u00edt\u00e9st kapjon arr\u00f3l, ha az \u00fczemeltet\u0151 cookiet k\u00edv\u00e1n elhelyezni a sz\u00e1m\u00edt\u00f3g\u00e9p\u00e9n<\/li>\n<li>a cookiek k\u00fcld\u00e9s\u00e9t b\u00e1rmikor megtilthatja<\/li>\n<\/ul>\n<p>E k\u00f6rben kiemelend\u0151, hogy a cookiek el nem fogad\u00e1sa azt eredm\u00e9nyezi, hogy ezzel \u00f6sszef\u00fcgg\u00e9sben bizonyos oldalak vagy funkci\u00f3k nem m\u0171k\u00f6dnek megfelel\u0151en, valamint lehets\u00e9ges, hogy a felhaszn\u00e1l\u00f3 nem kap jogosults\u00e1got bizonyos adatokhoz val\u00f3 hozz\u00e1f\u00e9r\u00e9shez.<br \/>\nAz \u00fczemeltet\u0151 \u00e1ltal elhelyezett cookiekon t\u00fal a felhaszn\u00e1l\u00f3 g\u00e9p\u00e9re harmadik szem\u00e9lyek is telep\u00edthetnek adatf\u00e1jlokat. Ilyen eset lehet p\u00e9ld\u00e1ul ha a felhaszn\u00e1l\u00f3 a szolg\u00e1ltat\u00e1s keret\u00e9n bel\u00fcl ell\u00e1togat egy m\u00e1sik weboldalra.<br \/>\nA fenti c\u00e9lokb\u00f3l az \u00fczemeltet\u0151 weboldal\u00e1ba harmadik szem\u00e9lyt\u0151l sz\u00e1rmaz\u00f3 web beacont (m\u00e1s kifejez\u00e9ssel web bugot) illeszthet be.<br \/>\nA felhaszn\u00e1l\u00f3nak nincsen arra lehet\u0151s\u00e9ge, hogy a web bugok let\u00f6lt\u00e9s\u00e9t &#8211; a cookiekkal ellent\u00e9tben &#8211; letiltsa b\u00f6ng\u00e9sz\u0151j\u00e9ben.<\/p>\n<p>A Csillagpor.hu-nak k\u00f6teless\u00e9ge megszerezni a v\u00e9gfelhaszn\u00e1l\u00f3k hozz\u00e1j\u00e1rul\u00e1s\u00e1t cookie-k \u00e9s egy\u00e9b adatok t\u00e1rol\u00e1s\u00e1hoz \u00e9s hozz\u00e1f\u00e9r\u00e9s\u00e9hez, valamint az adatgy\u0171jt\u00e9shez, -megoszt\u00e1shoz \u00e9s -haszn\u00e1lathoz, amely a Google-term\u00e9kek haszn\u00e1lata sor\u00e1n t\u00f6rt\u00e9nik. &rarr; <a target=\"_blank\" title=\"user-consent-policy\" href=\"https:\/\/www.google.com\/about\/company\/user-consent-policy.html\" rel=\"noopener\">Az EU-beli felhaszn\u00e1l\u00f3k hozz\u00e1j\u00e1rul\u00e1s\u00e1ra vonatkoz\u00f3 ir\u00e1nyelvek.<\/a><\/p>\n<p><strong>Az adatkezel\u00e9s c\u00e9lja<\/strong> a szolg\u00e1ltat\u00e1s hat\u00e9kony ny\u00fajt\u00e1sa, ezzel kapcsolatos \u00e9rtes\u00edt\u00e9sek, felmer\u00fclt m\u0171k\u00f6d\u00e9si probl\u00e9m\u00e1k elh\u00e1r\u00edt\u00e1sa, felmer\u00fclt vit\u00e1k rendez\u00e9se.<\/p>\n<p><strong>\u00c9rdekl\u0151d\u00e9sen alapul\u00f3 hirdet\u00e9sek \u00e9s a DoubleClick DART cookie<\/strong><\/p>\n<p><em>&#8220;A DoubleClick DART cookie-t a Google haszn\u00e1lja az AdSense tartalomhoz hirdet\u00e9seket megjelen\u00edt\u0151 webhelyek hirdet\u00e9sein\u00e9l.<br \/>\nHa a felhaszn\u00e1l\u00f3k megl\u00e1togatnak egy AdSense megjelen\u00edt\u0151i webhelyet, \u00e9s ak\u00e1r megtekintenek egy hirdet\u00e9st, ak\u00e1r r\u00e1kattintanak egy hirdet\u00e9sre, egy cookie ker\u00fclhet az adott v\u00e9gfelhaszn\u00e1l\u00f3 b\u00f6ng\u00e9sz\u0151j\u00e9be.<br \/>\nAz ilyen cookiekb\u00f3l gy\u0171jt\u00f6tt adatokat a rendszer arra haszn\u00e1lja fel, hogy seg\u00edtse az AdSense megjelen\u00edt\u0151it a hirdet\u00e9sek jobb kiszolg\u00e1l\u00e1s\u00e1ban \u00e9s kezel\u00e9s\u00e9ben a webhelyeiken \u00e9s az interneten.&#8221;<\/em><br \/>\nForr\u00e1s:Google.com -Adsense S\u00fag\u00f3-<\/p>\n<ul>\n<li>A Google, mint k\u00fcls\u0151 sz\u00e1ll\u00edt\u00f3 cookiekat haszn\u00e1l hirdet\u00e9sek megjelen\u00edt\u00e9s\u00e9re a Csillagpor.hu-n.<\/li>\n<li>A Google \u00e1ltal haszn\u00e1lt DART cookie lehet\u0151v\u00e9 teszi, hogy a felhaszn\u00e1l\u00f3k sz\u00e1m\u00e1ra a hirdet\u00e9seket a Csillagpor.hu \u00e9s az internet egy\u00e9b helyein v\u00e9gzett l\u00e1togat\u00e1saik alapj\u00e1n jelen\u00edtse meg.<\/li>\n<li>A felhaszn\u00e1l\u00f3k kikapcsolhatj\u00e1k a DART cookie haszn\u00e1lat\u00e1t a <em>Google hirdet\u00e9sekre \u00e9s tartalmi h\u00e1l\u00f3zatra vonatkoz\u00f3 adatv\u00e9delmi ir\u00e1nyelvek felkeres\u00e9s\u00e9vel<\/em>.<\/li>\n<li>A Csillagpor.hu semmilyen cookieban tal\u00e1lhat\u00f3 adatot felhaszn\u00e1lni nem tud, azt kiz\u00e1r\u00f3lag a Google haszn\u00e1lja \u00e9rdekl\u0151d\u00e9sen alapul\u00f3 hirdet\u00e9sek pontosabb c\u00e9lz\u00e1s\u00e1ra.<\/li>\n<\/ul>\n<p><strong>Adattov\u00e1bb\u00edt\u00e1sok, harmadik szem\u00e9lyek adatkezel\u00e9sei<\/strong><\/p>\n<p>Az \u00fczemeltet\u0151 kifejezett jogszab\u00e1lyi rendelkez\u00e9s hi\u00e1ny\u00e1ban, csak az adott felhaszn\u00e1l\u00f3 kifejezett hozz\u00e1j\u00e1rul\u00e1s\u00e1val adja \u00e1t harmadik szem\u00e9lyeknek a szem\u00e9lyes azonos\u00edt\u00e1s\u00e1ra alkalmas adatokat. Ugyanez igaz az adatf\u00e1jlok haszn\u00e1lat\u00e1val az \u00fczemeltet\u0151 kezel\u00e9s\u00e9be ker\u00fclt adatokra.<br \/>\nAz egyes szem\u00e9lyes adatok harmadik szem\u00e9lyekkel val\u00f3 k\u00f6zl\u00e9s\u00e9re az al\u00e1bbi esetekben is sor ker\u00fclhet:<\/p>\n<ul>\n<li>A szolg\u00e1ltat\u00e1s keret\u00e9n bel\u00fcl \u00e9szlelt gyan\u00fas vagy jogs\u00e9rt\u0151 tev\u00e9kenys\u00e9gekkel kapcsolatban, az \u00fczemeltet\u0151 jogosult felh\u00edv\u00e1sokat vagy k\u00f6zlem\u00e9nyeket k\u00fcldeni vagy k\u00f6zz\u00e9tenni, ak\u00e1r az egyes felhaszn\u00e1l\u00f3k adatainak felhaszn\u00e1l\u00e1s\u00e1val.<\/li>\n<li>A szolg\u00e1ltat\u00e1s meghat\u00e1rozott r\u00e9szeit (p\u00e9ld\u00e1ul rekl\u00e1mok megjelen\u00edt\u00e9se, l\u00e1togatotts\u00e1gi statisztik\u00e1k k\u00e9sz\u00edt\u00e9se) az \u00fczemeltet\u0151 adott esetben szerz\u0151d\u00e9ses partnereivel is v\u00e9geztetheti.<br \/>\nIlyen esetekben el\u0151fordulhat, hogy az ilyen szerz\u0151d\u00e9ses partnerek r\u00e9sz\u00e9re egyes felhaszn\u00e1l\u00f3i adatok \u00e1tad\u00e1sra ker\u00fclhetnek. Mindemellett az ilyen szerz\u0151d\u00e9ses partnert titoktart\u00e1si k\u00f6telezetts\u00e9g terheli.<br \/>\nEzen szerz\u0151d\u00e9ses partnerek az \u00f6nk\u00e9ntess\u00e9g elv\u00e9nek megfelel\u0151en csak az egyes felhaszn\u00e1l\u00f3k hozz\u00e1j\u00e1rul\u00e1s\u00e1val saj\u00e1t jogukon \u00e9s saj\u00e1t c\u00e9ljaikra is gy\u0171jthetnek felhaszn\u00e1l\u00f3i adatokat, a jogszab\u00e1lyoknak \u00e9s az adott szem\u00e9ly vagy t\u00e1rsas\u00e1g saj\u00e1t adatv\u00e9delmi nyilatkozat\u00e1ban foglaltaknak megfelel\u0151en.<\/li>\n<li>Az \u00fczemeltet\u0151 egy\u00fcttm\u0171k\u00f6dik a nyomozati jogk\u00f6rrel rendelkez\u0151 szervekkel \u00e9s a b\u00edr\u00f3s\u00e1gokkal a szolg\u00e1ltat\u00e1s keret\u00e9n bel\u00fcl elk\u00f6vetett jogs\u00e9rt\u00e9sek (p\u00e9ld\u00e1ul csal\u00e1s, szellemi alkot\u00e1sokhoz f\u0171z\u0151d\u0151 jogok megs\u00e9rt\u00e9se) felder\u00edt\u00e9se \u00e9s szankcion\u00e1l\u00e1sa \u00e9rdek\u00e9ben, \u00e9s teljes\u00edti a jogszab\u00e1lyi rendelkez\u00e9sen alapul\u00f3 adatk\u00e9r\u00e9seket.<\/li>\n<\/ul>\n<p><strong>Z\u00e1r\u00f3 rendelkez\u00e9sek<\/strong><\/p>\n<p><em>Jogok gyakorl\u00e1sa, jogorvoslat<\/em><br \/>\n<em>Felvil\u00e1gos\u00edt\u00e1s<\/em><\/p>\n<p>A felhaszn\u00e1l\u00f3k jogosultak szem\u00e9lyes adataik kezel\u00e9s\u00e9r\u0151l, felhaszn\u00e1l\u00e1s\u00e1r\u00f3l t\u00e1j\u00e9koztat\u00e1st k\u00e9rni a <em>csillagpor kukac csillagpor pont hu<\/em> e-mail c\u00edmen.<\/p>\n<p><em>Jogorvoslat<\/em><\/p>\n<p>Az a felhaszn\u00e1l\u00f3, aki \u00fagy \u00e9rzi, hogy az \u00fczemeltet\u0151 megs\u00e9rtette szem\u00e9lyes adatai v\u00e9delm\u00e9hez val\u00f3 jog\u00e1t, ig\u00e9ny\u00e9t polg\u00e1ri b\u00edr\u00f3s\u00e1g el\u0151tt \u00e9rv\u00e9nyes\u00edtheti, vagy k\u00e9rheti az adatv\u00e9delmi biztos seg\u00edts\u00e9g\u00e9t is. Az erre, valamint az adatkezel\u0151 k\u00f6telezetts\u00e9geire vonatkoz\u00f3 r\u00e9szletes t\u00f6rv\u00e9nyi rendelkez\u00e9seket a szem\u00e9lyes adatok v\u00e9delm\u00e9r\u0151l \u00e9s a k\u00f6z\u00e9rdek\u0171 adatok nyilv\u00e1noss\u00e1g\u00e1r\u00f3l sz\u00f3l\u00f3 1992. \u00e9vi LXIII. t\u00f6rv\u00e9ny tartalmazza.<\/p>\n<p><em>Felel\u0151ss\u00e9g<\/em><\/p>\n<p>Az \u00fczemeltet\u0151 a felhaszn\u00e1l\u00f3k \u00e1ltal a szolg\u00e1ltat\u00e1s keret\u00e9n bel\u00fcl t\u00e1rolt, el\u00e9rhet\u0151v\u00e9- vagy k\u00f6zz\u00e9tett \u00e9s k\u00fcld\u00f6tt inform\u00e1ci\u00f3k\u00e9rt mindennem\u0171 felel\u0151ss\u00e9g\u00e9t kiz\u00e1rja.<br \/>\nAmennyiben az \u00fczemeltet\u0151 tudom\u00e1st szerez arr\u00f3l, hogy a felhaszn\u00e1l\u00f3 valamely harmadik szem\u00e9ly jogait vagy a jogszab\u00e1lyokat s\u00e9rt\u0151 m\u00f3don a szolg\u00e1ltat\u00e1s haszn\u00e1lata sor\u00e1n m\u00e1s szem\u00e9ly szem\u00e9lyes adatait adja meg, a szolg\u00e1ltat\u00e1son bel\u00fcl nyilv\u00e1nosan hozz\u00e1f\u00e9rhet\u0151 vagy jogellenesen megszerzett szem\u00e9lyes vagy egy\u00e9b adatokat harmadik szem\u00e9lyek jogait vagy jogszab\u00e1lyt s\u00e9rt\u0151 m\u00f3don haszn\u00e1lja vagy egy\u00e9bk\u00e9nt a jelen adatv\u00e9delmi nyilatkozatban foglalt rendelkez\u00e9seket megszegte illetve a szolg\u00e1ltat\u00e1s haszn\u00e1lata sor\u00e1n k\u00e1rt okozott, az \u00fczemeltet\u0151 megteszi a sz\u00fcks\u00e9ges l\u00e9p\u00e9seket a k\u00e1r megt\u00e9r\u00edt\u00e9se, illet\u0151leg a jogi \u00faton t\u00f6rt\u00e9n\u0151 felel\u0151ss\u00e9gre von\u00e1s \u00e9rdek\u00e9ben.<\/p>\n<p><em>M\u00f3dos\u00edt\u00e1s<\/em><\/p>\n<p>A Csillagpor.hu fenntartja a jogot a jelen adatv\u00e9delmi nyilatkozat m\u00f3dos\u00edt\u00e1s\u00e1ra.<\/p>\n<p>2008. \u00e1prilis 08.<br \/>\nm\u00f3dos\u00edtva: 2009.03.28., 2012.08.20., 2014.09.11., 2015.03.01., 2015.07.27., 2016.08.19., 2018.05.19., 2018.05.25., 2022.06.04.<\/p>\n<p>Szolg\u00e1ltat\u00f3, \u00fczemeltet\u0151: kemeny.berlin<\/p>\n<p>Felhaszn\u00e1lva:<br \/>\ninnen.hu adatv\u00e9delmi nyilatkozat, Google.com &#8211; A Google hirdet\u00e9si cookie \u00e9s az Adatv\u00e9delmi ir\u00e1nyelvek<\/p>\n","protected":false},"excerpt":{"rendered":"<p>Az Eur\u00f3pai Uni\u00f3 adatv\u00e9delmi rendelete (GDPR) \u00e9rtelm\u00e9ben a Csillagpor.hu-nak is k\u00f6z\u00f6lnie kell l\u00e1togat\u00f3ival, hogy ki, milyen adatokat, mi c\u00e9lb\u00f3l kaphat r\u00f3luk, a Csillagpor.hu haszn\u00e1lata&#46;&#46;&#46;<\/p>\n","protected":false},"author":1,"featured_media":0,"parent":0,"menu_order":0,"comment_status":"closed","ping_status":"closed","template":"","meta":{"footnotes":""},"_links":{"self":[{"href":"https:\/\/csillagpor.hu\/remek\/wp-json\/wp\/v2\/pages\/602"}],"collection":[{"href":"https:\/\/csillagpor.hu\/remek\/wp-json\/wp\/v2\/pages"}],"about":[{"href":"https:\/\/csillagpor.hu\/remek\/wp-json\/wp\/v2\/types\/page"}],"author":[{"embeddable":true,"href":"https:\/\/csillagpor.hu\/remek\/wp-json\/wp\/v2\/users\/1"}],"replies":[{"embeddable":true,"href":"https:\/\/csillagpor.hu\/remek\/wp-json\/wp\/v2\/comments?post=602"}],"version-history":[{"count":0,"href":"https:\/\/csillagpor.hu\/remek\/wp-json\/wp\/v2\/pages\/602\/revisions"}],"wp:attachment":[{"href":"https:\/\/csillagpor.hu\/remek\/wp-json\/wp\/v2\/media?parent=602"}],"curies":[{"name":"wp","href":"https:\/\/api.w.org\/{rel}","templated":true}]}}